{"id":3,"date":"2018-12-07T13:25:08","date_gmt":"2018-12-07T13:25:08","guid":{"rendered":"https:\/\/yeahlena.rocks\/?page_id=3"},"modified":"2021-01-06T20:40:17","modified_gmt":"2021-01-06T20:40:17","slug":"privacy-policy","status":"publish","type":"page","link":"https:\/\/yeahlena.rocks\/?page_id=3","title":{"rendered":"Datenschutzerkl\u00e4rung"},"content":{"rendered":"<h2>Wer bin ich?<\/h2>\n<p>Meine Website lautet: https:\/\/yeahlena.rocks.<\/p>\n<h2>Welche pers\u00f6nliche Daten sammle ich und warum?<\/h2>\n<p>Ich sammle grunds\u00e4tzlich keine Daten. Anders ist es bei Bestellungen via E-Mail, da brauche ich gewisse Angaben, um das Gesch\u00e4ftliche abwickeln zu k\u00f6nnen.<\/p>\n<p>Die Daten werden nicht an Dritte weitergegeben, ausser an meinen Gesch\u00e4ftspartner &#8222;Guldenfels und Partner&#8220; zwecks einer Rechnungstellung.<\/p>\n","protected":false},"excerpt":{"rendered":"<p>Wer bin ich? Meine Website lautet: https:\/\/yeahlena.rocks. Welche pers\u00f6nliche Daten sammle ich und warum? Ich sammle grunds\u00e4tzlich keine Daten. Anders&hellip;<\/p>\n","protected":false},"author":1,"featured_media":0,"parent":0,"menu_order":0,"comment_status":"closed","ping_status":"closed","template":"","meta":{"footnotes":""},"class_list":["post-3","page","type-page","status-publish","hentry"],"_links":{"self":[{"href":"https:\/\/yeahlena.rocks\/index.php?rest_route=\/wp\/v2\/pages\/3","targetHints":{"allow":["GET"]}}],"collection":[{"href":"https:\/\/yeahlena.rocks\/index.php?rest_route=\/wp\/v2\/pages"}],"about":[{"href":"https:\/\/yeahlena.rocks\/index.php?rest_route=\/wp\/v2\/types\/page"}],"author":[{"embeddable":true,"href":"https:\/\/yeahlena.rocks\/index.php?rest_route=\/wp\/v2\/users\/1"}],"replies":[{"embeddable":true,"href":"https:\/\/yeahlena.rocks\/index.php?rest_route=%2Fwp%2Fv2%2Fcomments&post=3"}],"version-history":[{"count":2,"href":"https:\/\/yeahlena.rocks\/index.php?rest_route=\/wp\/v2\/pages\/3\/revisions"}],"predecessor-version":[{"id":425,"href":"https:\/\/yeahlena.rocks\/index.php?rest_route=\/wp\/v2\/pages\/3\/revisions\/425"}],"wp:attachment":[{"href":"https:\/\/yeahlena.rocks\/index.php?rest_route=%2Fwp%2Fv2%2Fmedia&parent=3"}],"curies":[{"name":"wp","href":"https:\/\/api.w.org\/{rel}","templated":true}]}}